{"id":414,"date":"2025-12-28T20:48:20","date_gmt":"2025-12-28T20:48:20","guid":{"rendered":"https:\/\/safipure.ma\/?post_type=product&#038;p=414"},"modified":"2026-01-01T22:02:42","modified_gmt":"2026-01-01T22:02:42","slug":"pack-filtres-safipure-essentiel-2","status":"publish","type":"product","link":"https:\/\/safipure.ma\/ar\/product\/pack-filtres-safipure-essentiel-2\/","title":{"rendered":"\u062d\u0632\u0645\u0629 \u0641\u0644\u0627\u062a\u0631\u202fSafipure\u202f\u0627\u0644\u0623\u0633\u0627\u0633\u064a\u0629"},"content":{"rendered":"<p data-start=\"459\" data-end=\"795\">Assurez la sant\u00e9 et le bien-\u00eatre de votre famille avec le <strong data-start=\"517\" data-end=\"559\">syst\u00e8me de purification d\u2019eau Safipure<\/strong>. Con\u00e7u pour fournir une eau pure, saine et d\u00e9licieuse directement chez vous, ce purificateur combine les derni\u00e8res technologies de filtration pour \u00e9liminer efficacement les bact\u00e9ries, virus, m\u00e9taux lourds, chlore et autres impuret\u00e9s.<\/p>\n<h4 data-start=\"797\" data-end=\"836\"><strong data-start=\"802\" data-end=\"836\">Caract\u00e9ristiques principales :<\/strong><\/h4>\n<ul data-start=\"837\" data-end=\"1303\">\n<li data-start=\"837\" data-end=\"914\">\n<p data-start=\"839\" data-end=\"914\"><strong data-start=\"839\" data-end=\"866\">Filtration multi-\u00e9tapes<\/strong> : RO + UV + UF pour une purification compl\u00e8te<\/p>\n<\/li>\n<li data-start=\"915\" data-end=\"1016\">\n<p data-start=\"917\" data-end=\"1016\"><strong data-start=\"917\" data-end=\"943\">Eau pure \u00e0 tout moment<\/strong> : id\u00e9al pour boire, cuisiner et pr\u00e9parer les boissons de votre famille<\/p>\n<\/li>\n<li data-start=\"1017\" data-end=\"1104\">\n<p data-start=\"1019\" data-end=\"1104\"><strong data-start=\"1019\" data-end=\"1048\">Design moderne et compact<\/strong> : facile \u00e0 installer et \u00e0 int\u00e9grer dans toute cuisine<\/p>\n<\/li>\n<li data-start=\"1105\" data-end=\"1205\">\n<p data-start=\"1107\" data-end=\"1205\"><strong data-start=\"1107\" data-end=\"1133\">\u00c9conomie et durabilit\u00e9<\/strong> : r\u00e9duction des bouteilles plastiques et des co\u00fbts d\u2019eau \u00e0 long terme<\/p>\n<\/li>\n<li data-start=\"1206\" data-end=\"1303\">\n<p data-start=\"1208\" data-end=\"1303\"><strong data-start=\"1208\" data-end=\"1236\">Indicateurs intelligents<\/strong> : alerte de remplacement de filtre pour une performance optimale<\/p>\n<\/li>\n<\/ul>\n<h4 data-start=\"1305\" data-end=\"1341\"><strong data-start=\"1310\" data-end=\"1341\">Pourquoi choisir Safipure ?<\/strong><\/h4>\n<ul data-start=\"1342\" data-end=\"1514\">\n<li data-start=\"1342\" data-end=\"1398\">\n<p data-start=\"1344\" data-end=\"1398\">Prot\u00e9gez votre famille contre les maladies hydriques<\/p>\n<\/li>\n<li data-start=\"1399\" data-end=\"1452\">\n<p data-start=\"1401\" data-end=\"1452\">Profitez d\u2019une eau au go\u00fbt agr\u00e9able et sans odeur<\/p>\n<\/li>\n<li data-start=\"1453\" data-end=\"1514\">\n<p data-start=\"1455\" data-end=\"1514\">Investissement rentable et respectueux de l\u2019environnement<\/p>\n<\/li>\n<\/ul>","protected":false},"excerpt":{"rendered":"<p>Assurez la sant\u00e9 et le bien-\u00eatre de votre famille avec le syst\u00e8me de purification d\u2019eau Safipure. Con\u00e7u pour fournir une&#8230;<\/p>","protected":false},"featured_media":415,"comment_status":"open","ping_status":"closed","template":"","meta":[],"product_brand":[],"product_cat":[20,23,21,26],"product_tag":[],"class_list":{"0":"post-414","1":"product","2":"type-product","3":"status-publish","4":"has-post-thumbnail","6":"product_cat-machine","7":"product_cat-premium","8":"product_cat-purifier","9":"product_cat-second-slider","11":"first","12":"instock","13":"shipping-taxable","14":"purchasable","15":"product-type-simple"},"_links":{"self":[{"href":"https:\/\/safipure.ma\/ar\/wp-json\/wp\/v2\/product\/414","targetHints":{"allow":["GET"]}}],"collection":[{"href":"https:\/\/safipure.ma\/ar\/wp-json\/wp\/v2\/product"}],"about":[{"href":"https:\/\/safipure.ma\/ar\/wp-json\/wp\/v2\/types\/product"}],"replies":[{"embeddable":true,"href":"https:\/\/safipure.ma\/ar\/wp-json\/wp\/v2\/comments?post=414"}],"wp:featuredmedia":[{"embeddable":true,"href":"https:\/\/safipure.ma\/ar\/wp-json\/wp\/v2\/media\/415"}],"wp:attachment":[{"href":"https:\/\/safipure.ma\/ar\/wp-json\/wp\/v2\/media?parent=414"}],"wp:term":[{"taxonomy":"product_brand","embeddable":true,"href":"https:\/\/safipure.ma\/ar\/wp-json\/wp\/v2\/product_brand?post=414"},{"taxonomy":"product_cat","embeddable":true,"href":"https:\/\/safipure.ma\/ar\/wp-json\/wp\/v2\/product_cat?post=414"},{"taxonomy":"product_tag","embeddable":true,"href":"https:\/\/safipure.ma\/ar\/wp-json\/wp\/v2\/product_tag?post=414"}],"curies":[{"name":"wp","href":"https:\/\/api.w.org\/{rel}","templated":true}]}}